{"id":239,"date":"2026-01-05T09:00:59","date_gmt":"2026-01-05T09:00:59","guid":{"rendered":"https:\/\/produccionesmach.com.mx\/?page_id=239"},"modified":"2026-01-05T09:45:35","modified_gmt":"2026-01-05T09:45:35","slug":"nosotros","status":"publish","type":"page","link":"https:\/\/produccionesmach.com.mx\/index.php\/nosotros\/","title":{"rendered":"NOSOTROS"},"content":{"rendered":"\t\t<div data-elementor-type=\"wp-page\" data-elementor-id=\"239\" class=\"elementor elementor-239\">\n\t\t\t\t<div class=\"elementor-element elementor-element-9fc7ba7 e-con-full e-flex e-con e-parent\" data-id=\"9fc7ba7\" data-element_type=\"container\">\n\t\t\t\t<div class=\"elementor-element elementor-element-90a1c37 elementor-widget__width-initial elementor-widget elementor-widget-text-editor\" data-id=\"90a1c37\" data-element_type=\"widget\" data-widget_type=\"text-editor.default\">\n\t\t\t\t\t\t\t\t\t<p class=\"MsoNormal\" style=\"margin: 0cm; font-size: 12pt; font-family: Calibri, sans-serif; letter-spacing: normal; word-spacing: 0px; text-align: center; background-image: initial; background-position: initial; background-size: initial; background-repeat: initial; background-attachment: initial; background-origin: initial; background-clip: initial;\" align=\"center\"><em><span style=\"font-size: 17.3pt; font-family: Poppins;\">En\u00a0<b>Producciones Mach\u00a0<\/b>tenemos m\u00e1s de 14 a\u00f1os de experiencia, trabajando y mejorando d\u00eda a d\u00eda para hacer que tu evento sea una experiencia inolvidable. Por eso, nos especializamos en ofrecer\u00a0<b>servicios de DJ, audio, iluminaci\u00f3n\u00a0<\/b>adaptados a cada tipo de celebraci\u00f3n: bodas, XV a\u00f1os, fiestas privadas, eventos corporativos y m\u00e1s\u2026\u00a0<b>\u00bfY c\u00f3mo lo hacemos?<\/b><\/span><\/em><\/p>\t\t\t\t\t\t\t\t<\/div>\n\t\t\t\t<\/div>\n\t\t<div class=\"elementor-element elementor-element-9c15118 e-flex e-con-boxed e-con e-parent\" data-id=\"9c15118\" data-element_type=\"container\">\n\t\t\t\t\t<div class=\"e-con-inner\">\n\t\t\t\t<div class=\"elementor-element elementor-element-e213002 elementor-widget elementor-widget-spacer\" data-id=\"e213002\" data-element_type=\"widget\" data-widget_type=\"spacer.default\">\n\t\t\t\t\t\t\t<div class=\"elementor-spacer\">\n\t\t\t<div class=\"elementor-spacer-inner\"><\/div>\n\t\t<\/div>\n\t\t\t\t\t\t<\/div>\n\t\t\t\t\t<\/div>\n\t\t\t\t<\/div>\n\t\t<div class=\"elementor-element elementor-element-cd6252d e-con-full e-flex e-con e-parent\" data-id=\"cd6252d\" data-element_type=\"container\">\n\t\t\t\t<div class=\"elementor-element elementor-element-1d7a4f1 elementor-position-left elementor-vertical-align-middle elementor-widget elementor-widget-image-box\" data-id=\"1d7a4f1\" data-element_type=\"widget\" data-widget_type=\"image-box.default\">\n\t\t\t\t\t<div class=\"elementor-image-box-wrapper\"><figure class=\"elementor-image-box-img\"><img fetchpriority=\"high\" decoding=\"async\" width=\"2560\" height=\"2560\" src=\"https:\/\/produccionesmach.com.mx\/wp-content\/uploads\/2025\/09\/20250606_192401-scaled.png\" class=\"attachment-full size-full wp-image-161\" alt=\"\" srcset=\"https:\/\/produccionesmach.com.mx\/wp-content\/uploads\/2025\/09\/20250606_192401-scaled.png 2560w, https:\/\/produccionesmach.com.mx\/wp-content\/uploads\/2025\/09\/20250606_192401-300x300.png 300w, https:\/\/produccionesmach.com.mx\/wp-content\/uploads\/2025\/09\/20250606_192401-1024x1024.png 1024w, https:\/\/produccionesmach.com.mx\/wp-content\/uploads\/2025\/09\/20250606_192401-150x150.png 150w, https:\/\/produccionesmach.com.mx\/wp-content\/uploads\/2025\/09\/20250606_192401-768x768.png 768w, https:\/\/produccionesmach.com.mx\/wp-content\/uploads\/2025\/09\/20250606_192401-1536x1536.png 1536w, https:\/\/produccionesmach.com.mx\/wp-content\/uploads\/2025\/09\/20250606_192401-2048x2048.png 2048w, https:\/\/produccionesmach.com.mx\/wp-content\/uploads\/2025\/09\/20250606_192401-600x600.png 600w, https:\/\/produccionesmach.com.mx\/wp-content\/uploads\/2025\/09\/20250606_192401-100x100.png 100w\" sizes=\"(max-width: 2560px) 100vw, 2560px\" \/><\/figure><div class=\"elementor-image-box-content\"><h3 class=\"elementor-image-box-title\"><span style=\"color: black;font-weight: 400;font-size: 20pt;font-family: Lato, sans-serif\">|<\/span><span style=\"font-size: medium;font-weight: 400\"><\/span><i style=\"font-family: Calibri, sans-serif;font-size: 12pt;font-weight: 400\"><span style=\"font-size: 18pt;font-family: Lato, sans-serif\">&nbsp;Uno de nuestros mayores diferenciales es nuestro&nbsp;<b>equipo de DJs.<\/b><\/span><\/i><\/h3><p class=\"elementor-image-box-description\"><i style=\"font-family: Calibri, sans-serif;font-size: 13pt\"><span style=\"font-size: 12pt;font-family: Lato, sans-serif\">Cada uno cuenta con amplia experiencia en distintos estilos y formatos de eventos, lo que nos permite adaptarnos con precisi\u00f3n al ambiente que buscas crear&nbsp;<b>MEZCLANDO CUALQUIER G\u00c9NERO MUSICAL EN VIVO Y CON FLUIDEZ<\/b>, sin errores ni interrupciones.<\/span><\/i><\/p><\/div><\/div>\t\t\t\t<\/div>\n\t\t<div class=\"elementor-element elementor-element-647bb7c e-con-full e-flex e-con e-child\" data-id=\"647bb7c\" data-element_type=\"container\">\n\t\t\t\t<div class=\"elementor-element elementor-element-da5dd88 elementor-widget elementor-widget-spacer\" data-id=\"da5dd88\" data-element_type=\"widget\" data-widget_type=\"spacer.default\">\n\t\t\t\t\t\t\t<div class=\"elementor-spacer\">\n\t\t\t<div class=\"elementor-spacer-inner\"><\/div>\n\t\t<\/div>\n\t\t\t\t\t\t<\/div>\n\t\t\t\t<\/div>\n\t\t\t\t<\/div>\n\t\t<div class=\"elementor-element elementor-element-fe19d09 e-con-full e-flex e-con e-parent\" data-id=\"fe19d09\" data-element_type=\"container\">\n\t\t\t\t<div class=\"elementor-element elementor-element-a76af68 elementor-position-right elementor-vertical-align-middle elementor-widget elementor-widget-image-box\" data-id=\"a76af68\" data-element_type=\"widget\" data-widget_type=\"image-box.default\">\n\t\t\t\t\t<div class=\"elementor-image-box-wrapper\"><figure class=\"elementor-image-box-img\"><img decoding=\"async\" width=\"2560\" height=\"2560\" src=\"https:\/\/produccionesmach.com.mx\/wp-content\/uploads\/2025\/09\/IMG-20250531-WA0058-scaled.png\" class=\"attachment-full size-full wp-image-162\" alt=\"\" srcset=\"https:\/\/produccionesmach.com.mx\/wp-content\/uploads\/2025\/09\/IMG-20250531-WA0058-scaled.png 2560w, https:\/\/produccionesmach.com.mx\/wp-content\/uploads\/2025\/09\/IMG-20250531-WA0058-300x300.png 300w, https:\/\/produccionesmach.com.mx\/wp-content\/uploads\/2025\/09\/IMG-20250531-WA0058-1024x1024.png 1024w, https:\/\/produccionesmach.com.mx\/wp-content\/uploads\/2025\/09\/IMG-20250531-WA0058-150x150.png 150w, https:\/\/produccionesmach.com.mx\/wp-content\/uploads\/2025\/09\/IMG-20250531-WA0058-768x768.png 768w, https:\/\/produccionesmach.com.mx\/wp-content\/uploads\/2025\/09\/IMG-20250531-WA0058-1536x1536.png 1536w, https:\/\/produccionesmach.com.mx\/wp-content\/uploads\/2025\/09\/IMG-20250531-WA0058-2048x2048.png 2048w, https:\/\/produccionesmach.com.mx\/wp-content\/uploads\/2025\/09\/IMG-20250531-WA0058-600x600.png 600w, https:\/\/produccionesmach.com.mx\/wp-content\/uploads\/2025\/09\/IMG-20250531-WA0058-100x100.png 100w\" sizes=\"(max-width: 2560px) 100vw, 2560px\" \/><\/figure><div class=\"elementor-image-box-content\"><h3 class=\"elementor-image-box-title\"><span style=\"font-size: 20pt;color: black;font-weight: 400;font-family: Lato, sans-serif\">|<\/span><span style=\"font-size: medium;font-weight: 400\"><\/span><i style=\"font-family: Calibri, sans-serif;font-size: 12pt;font-weight: 400\"><span style=\"font-size: 18pt;font-family: Lato, sans-serif\">&nbsp;<\/span><\/i><i style=\"font-family: Calibri, sans-serif;font-size: 12pt;font-weight: 400\"><span style=\"font-size: 18pt;font-family: Lato, sans-serif\">La calidad del sonido hace&nbsp;<b>la diferencia<\/b>&nbsp;en un evento<\/span><\/i><span style=\"font-weight: 400;font-size: 18pt;font-family: Lato, sans-serif\">.<\/span><\/h3><p class=\"elementor-image-box-description\"><p class=\"MsoNormal\" style=\"margin: 0cm;font-size: 12pt;font-family: Calibri, sans-serif;background-image: initial;background-position: initial;background-size: initial;background-repeat: initial;background-attachment: initial\"><i><span style=\"font-size: 11.5pt;font-family: Lato, sans-serif\">Por eso en&nbsp;<b>Producciones Mach&nbsp;<\/b>trabajamos exclusivamente con&nbsp;<b>EQUIPOS DE AUDIO DE GAMA ALTA<\/b>, reconocidos a nivel mundial por su potencia, fidelidad y rendimiento. Utilizamos sistemas&nbsp;<b>HK Audio, Pioneer y Yamaha<\/b>, marcas l\u00edderes en la industria que garantizan una experiencia sonora n\u00edtida, envolvente y profesional, sin importar el tama\u00f1o del evento o el tipo de espacio.<br><\/span><\/i><\/p><i style=\"font-family: Calibri, sans-serif;font-size: 12pt\"><span style=\"font-size: 11.5pt;font-family: Lato, sans-serif\">Desde peque\u00f1os montajes hasta producciones m\u00e1s complejas, adaptamos cada sistema para lograr una&nbsp;<b>cobertura de sonido clara y equilibrada<\/b>, sin distorsiones ni fallas.<\/span><\/i><\/p><\/div><\/div>\t\t\t\t<\/div>\n\t\t\t\t<\/div>\n\t\t<div class=\"elementor-element elementor-element-1488c8c e-flex e-con-boxed e-con e-parent\" data-id=\"1488c8c\" data-element_type=\"container\">\n\t\t\t\t\t<div class=\"e-con-inner\">\n\t\t\t\t<div class=\"elementor-element elementor-element-a8f4b96 elementor-widget elementor-widget-spacer\" data-id=\"a8f4b96\" data-element_type=\"widget\" data-widget_type=\"spacer.default\">\n\t\t\t\t\t\t\t<div class=\"elementor-spacer\">\n\t\t\t<div class=\"elementor-spacer-inner\"><\/div>\n\t\t<\/div>\n\t\t\t\t\t\t<\/div>\n\t\t\t\t\t<\/div>\n\t\t\t\t<\/div>\n\t\t<div class=\"elementor-element elementor-element-e001ffe e-con-full e-flex e-con e-parent\" data-id=\"e001ffe\" data-element_type=\"container\">\n\t\t\t\t<div class=\"elementor-element elementor-element-789c65f elementor-position-left elementor-vertical-align-middle elementor-widget elementor-widget-image-box\" data-id=\"789c65f\" data-element_type=\"widget\" data-widget_type=\"image-box.default\">\n\t\t\t\t\t<div class=\"elementor-image-box-wrapper\"><figure class=\"elementor-image-box-img\"><img decoding=\"async\" width=\"2560\" height=\"2560\" src=\"https:\/\/produccionesmach.com.mx\/wp-content\/uploads\/2025\/09\/IMG-20240830-WA0018-scaled.png\" class=\"attachment-full size-full wp-image-164\" alt=\"\" srcset=\"https:\/\/produccionesmach.com.mx\/wp-content\/uploads\/2025\/09\/IMG-20240830-WA0018-scaled.png 2560w, https:\/\/produccionesmach.com.mx\/wp-content\/uploads\/2025\/09\/IMG-20240830-WA0018-300x300.png 300w, https:\/\/produccionesmach.com.mx\/wp-content\/uploads\/2025\/09\/IMG-20240830-WA0018-1024x1024.png 1024w, https:\/\/produccionesmach.com.mx\/wp-content\/uploads\/2025\/09\/IMG-20240830-WA0018-150x150.png 150w, https:\/\/produccionesmach.com.mx\/wp-content\/uploads\/2025\/09\/IMG-20240830-WA0018-768x768.png 768w, https:\/\/produccionesmach.com.mx\/wp-content\/uploads\/2025\/09\/IMG-20240830-WA0018-1536x1536.png 1536w, https:\/\/produccionesmach.com.mx\/wp-content\/uploads\/2025\/09\/IMG-20240830-WA0018-2048x2048.png 2048w, https:\/\/produccionesmach.com.mx\/wp-content\/uploads\/2025\/09\/IMG-20240830-WA0018-600x600.png 600w, https:\/\/produccionesmach.com.mx\/wp-content\/uploads\/2025\/09\/IMG-20240830-WA0018-100x100.png 100w\" sizes=\"(max-width: 2560px) 100vw, 2560px\" \/><\/figure><div class=\"elementor-image-box-content\"><h3 class=\"elementor-image-box-title\"><span style=\"font-size: 20pt;font-weight: 400;font-family: Lato, sans-serif\">|<\/span><span style=\"font-size: medium;font-weight: 400\"><\/span><i style=\"font-family: Calibri, sans-serif;font-size: 12pt;font-weight: 400\"><span style=\"font-size: 18pt;font-family: Lato, sans-serif\">&nbsp;<\/span><\/i><i style=\"font-family: Calibri, sans-serif;font-size: 12pt;font-weight: 400\"><span style=\"font-size: 15pt;font-family: Lato, sans-serif\">Nuestra iluminaci\u00f3n no es un complemento:&nbsp;<b>es parte fundamental de la experiencia<\/b><\/span><\/i><span style=\"font-weight: 400;font-size: 18pt;font-family: Lato, sans-serif\">.<\/span><\/h3><p class=\"elementor-image-box-description\"><i style=\"font-family: Calibri, sans-serif;font-size: 12pt\"><span style=\"font-size: 11.5pt;font-family: Lato, sans-serif\">Por eso,&nbsp;<b>todo nuestro sistema de luces es PROGRAMADO y&nbsp;CONTROLADO<\/b>&nbsp;por expertos en animaci\u00f3n para darte el mejor espect\u00e1culo audiovisual y a diferencia de montajes improvisados, toda&nbsp;<b>nuestra iluminaci\u00f3n se instala en estructuras profesionales<\/b>, elevadas y estrat\u00e9gicamente ubicadas, garantizando un impacto visual elegante, seguro y funcional.<\/span><\/i><\/p><\/div><\/div>\t\t\t\t<\/div>\n\t\t\t\t<\/div>\n\t\t<div class=\"elementor-element elementor-element-bf9828a e-flex e-con-boxed e-con e-parent\" data-id=\"bf9828a\" data-element_type=\"container\">\n\t\t\t\t\t<div class=\"e-con-inner\">\n\t\t\t\t<div class=\"elementor-element elementor-element-d1307ae elementor-widget elementor-widget-spacer\" data-id=\"d1307ae\" data-element_type=\"widget\" data-widget_type=\"spacer.default\">\n\t\t\t\t\t\t\t<div class=\"elementor-spacer\">\n\t\t\t<div class=\"elementor-spacer-inner\"><\/div>\n\t\t<\/div>\n\t\t\t\t\t\t<\/div>\n\t\t\t\t\t<\/div>\n\t\t\t\t<\/div>\n\t\t<div class=\"elementor-element elementor-element-142577b e-con-full e-flex e-con e-parent\" data-id=\"142577b\" data-element_type=\"container\">\n\t\t\t\t<div class=\"elementor-element elementor-element-f9374b9 elementor-position-right elementor-vertical-align-middle elementor-widget elementor-widget-image-box\" data-id=\"f9374b9\" data-element_type=\"widget\" data-widget_type=\"image-box.default\">\n\t\t\t\t\t<div class=\"elementor-image-box-wrapper\"><figure class=\"elementor-image-box-img\"><img loading=\"lazy\" decoding=\"async\" width=\"1920\" height=\"1919\" src=\"https:\/\/produccionesmach.com.mx\/wp-content\/uploads\/2025\/09\/20251004_203612-scaled.webp\" class=\"attachment-full size-full wp-image-178\" alt=\"\" srcset=\"https:\/\/produccionesmach.com.mx\/wp-content\/uploads\/2025\/09\/20251004_203612-scaled.webp 1920w, https:\/\/produccionesmach.com.mx\/wp-content\/uploads\/2025\/09\/20251004_203612-300x300.webp 300w, https:\/\/produccionesmach.com.mx\/wp-content\/uploads\/2025\/09\/20251004_203612-1024x1024.webp 1024w, https:\/\/produccionesmach.com.mx\/wp-content\/uploads\/2025\/09\/20251004_203612-150x150.webp 150w, https:\/\/produccionesmach.com.mx\/wp-content\/uploads\/2025\/09\/20251004_203612-768x767.webp 768w, https:\/\/produccionesmach.com.mx\/wp-content\/uploads\/2025\/09\/20251004_203612-1536x1536.webp 1536w, https:\/\/produccionesmach.com.mx\/wp-content\/uploads\/2025\/09\/20251004_203612-600x600.webp 600w, https:\/\/produccionesmach.com.mx\/wp-content\/uploads\/2025\/09\/20251004_203612-100x100.webp 100w\" sizes=\"(max-width: 1920px) 100vw, 1920px\" \/><\/figure><div class=\"elementor-image-box-content\"><h3 class=\"elementor-image-box-title\"><span style=\"font-size: 20pt;font-weight: 400;font-family: Lato, sans-serif\">|<\/span><span style=\"font-size: medium;font-weight: 400\"><\/span><i style=\"font-family: Calibri, sans-serif;font-size: 12pt;font-weight: 400\"><span style=\"font-size: 18pt;font-family: Lato, sans-serif\">&nbsp;<\/span><\/i><i style=\"font-family: Calibri, sans-serif;font-size: 12pt;font-weight: 400\"><span style=\"font-size: 16pt;font-family: Lato, sans-serif\">Nos aseguramos de que la energ\u00eda del evento se&nbsp;<b>mantenga arriba en todo momento<\/b>.<\/span><\/i><\/h3><p class=\"elementor-image-box-description\"><i style=\"font-size: medium\"><span style=\"font-size: 12pt;font-family: Lato, sans-serif\">Por eso contamos con un&nbsp;<b>maestro de ceremonias PROFESIONAL<\/b>, con amplia experiencia en animaci\u00f3n, conducci\u00f3n de eventos y manejo de p\u00fablico en vivo.&nbsp;&nbsp;<\/span><\/i><i style=\"font-size: medium\"><span style=\"font-size: 12pt;font-family: Lato, sans-serif\">Su carisma, presencia en el escenario y capacidad para conectar con las personas hacen que cada momento fluya con naturalidad. Ya sea una boda, XV a\u00f1os, evento corporativo o celebraci\u00f3n especial,&nbsp;<b>sabe cu\u00e1ndo hablar, qu\u00e9 decir y c\u00f3mo mantener el ambiente activo.<\/b><\/span><\/i><span style=\"font-size: medium\"><\/span><\/p><\/div><\/div>\t\t\t\t<\/div>\n\t\t\t\t<\/div>\n\t\t<div class=\"elementor-element elementor-element-16d896d e-flex e-con-boxed e-con e-parent\" data-id=\"16d896d\" data-element_type=\"container\">\n\t\t\t\t\t<div class=\"e-con-inner\">\n\t\t\t\t<div class=\"elementor-element elementor-element-766537a elementor-widget elementor-widget-spacer\" data-id=\"766537a\" data-element_type=\"widget\" data-widget_type=\"spacer.default\">\n\t\t\t\t\t\t\t<div class=\"elementor-spacer\">\n\t\t\t<div class=\"elementor-spacer-inner\"><\/div>\n\t\t<\/div>\n\t\t\t\t\t\t<\/div>\n\t\t\t\t\t<\/div>\n\t\t\t\t<\/div>\n\t\t<div class=\"elementor-element elementor-element-ea47ac4 e-flex e-con-boxed e-con e-parent\" data-id=\"ea47ac4\" data-element_type=\"container\">\n\t\t\t\t\t<div class=\"e-con-inner\">\n\t\t\t\t<div class=\"elementor-element elementor-element-722da58 elementor-widget elementor-widget-text-editor\" data-id=\"722da58\" data-element_type=\"widget\" data-widget_type=\"text-editor.default\">\n\t\t\t\t\t\t\t\t\t<p style=\"text-align: center;\"><span style=\"color: #000000;\">Estamos altamente\u00a0<strong>calificados y capacitados<\/strong>\u00a0en atenci\u00f3n, profesionalismo y respeto, de manera que nuestro personal siempre se va a dirigir con respeto hacia ti y\/o tus invitados.<\/span><\/p>\t\t\t\t\t\t\t\t<\/div>\n\t\t\t\t\t<\/div>\n\t\t\t\t<\/div>\n\t\t\t\t<\/div>\n\t\t","protected":false},"excerpt":{"rendered":"<p>En\u00a0Producciones Mach\u00a0tenemos m\u00e1s de 14 a\u00f1os de experiencia, trabajando y mejorando d\u00eda a d\u00eda para hacer que tu evento sea una experiencia inolvidable. Por eso, nos especializamos en ofrecer\u00a0servicios de DJ, audio, iluminaci\u00f3n\u00a0adaptados a cada tipo de celebraci\u00f3n: bodas, XV a\u00f1os, fiestas privadas, eventos corporativos y m\u00e1s\u2026\u00a0\u00bfY c\u00f3mo lo hacemos? |&nbsp;Uno de nuestros mayores diferenciales [&hellip;]<\/p>\n","protected":false},"author":1,"featured_media":0,"parent":0,"menu_order":0,"comment_status":"closed","ping_status":"closed","template":"","meta":{"footnotes":""},"class_list":["post-239","page","type-page","status-publish","hentry"],"_links":{"self":[{"href":"https:\/\/produccionesmach.com.mx\/index.php\/wp-json\/wp\/v2\/pages\/239","targetHints":{"allow":["GET"]}}],"collection":[{"href":"https:\/\/produccionesmach.com.mx\/index.php\/wp-json\/wp\/v2\/pages"}],"about":[{"href":"https:\/\/produccionesmach.com.mx\/index.php\/wp-json\/wp\/v2\/types\/page"}],"author":[{"embeddable":true,"href":"https:\/\/produccionesmach.com.mx\/index.php\/wp-json\/wp\/v2\/users\/1"}],"replies":[{"embeddable":true,"href":"https:\/\/produccionesmach.com.mx\/index.php\/wp-json\/wp\/v2\/comments?post=239"}],"version-history":[{"count":27,"href":"https:\/\/produccionesmach.com.mx\/index.php\/wp-json\/wp\/v2\/pages\/239\/revisions"}],"predecessor-version":[{"id":268,"href":"https:\/\/produccionesmach.com.mx\/index.php\/wp-json\/wp\/v2\/pages\/239\/revisions\/268"}],"wp:attachment":[{"href":"https:\/\/produccionesmach.com.mx\/index.php\/wp-json\/wp\/v2\/media?parent=239"}],"curies":[{"name":"wp","href":"https:\/\/api.w.org\/{rel}","templated":true}]}}